{"id":30188,"date":"2026-03-03T22:57:45","date_gmt":"2026-03-03T22:57:45","guid":{"rendered":"https:\/\/ajwaaperfumes.com\/product\/premium-seufi-oud\/"},"modified":"2026-03-03T22:57:45","modified_gmt":"2026-03-03T22:57:45","slug":"premium-seufi-oud","status":"publish","type":"product","link":"https:\/\/ajwaaperfumes.com\/de\/produkt\/premium-seufi-oud\/","title":{"rendered":"Premium Seufi Oud"},"content":{"rendered":"<p data-path-to-node=\"12\">Entdecken Sie die zeitlose Eleganz von <b data-path-to-node=\"12\" data-index-in-node=\"55\">Seufi Oud<\/b>, einem der begehrtesten Sch\u00e4tze in der Welt des Adlerholzes. Gewonnen aus den uralten W\u00e4ldern Indiens, ist diese Seufi-Qualit\u00e4t bekannt f\u00fcr ihre \u201ek\u00fchlen\u201c, scharfen Kopfnoten, die in ein tiefes, reiches und balsamisch-holziges Aroma \u00fcbergehen. Bekannt f\u00fcr seine intensive Langlebigkeit und prachtvolle Sillage, ist es das ultimative Symbol f\u00fcr Luxus und Tradition.  <\/p>\n<p data-path-to-node=\"13\"><b data-path-to-node=\"13\" data-index-in-node=\"0\">Hauptmerkmale:<\/b><\/p>\n<ul data-path-to-node=\"14\">\n<li>\n<p data-path-to-node=\"14,0,0\">Herkunft: 100 % <b data-path-to-node=\"14,0,0\" data-index-in-node=\"0\">nat\u00fcrliches <\/b>indisches Seufi-Adlerholz.<\/p>\n<\/li>\n<li>\n<p data-path-to-node=\"14,1,0\">Duftprofil: <b data-path-to-node=\"14,1,0\" data-index-in-node=\"0\">Scharf<\/b>, ledrig und intensiv holzig mit einem langanhaltenden s\u00fc\u00dfen Abgang.<\/p>\n<\/li>\n<li>\n<p data-path-to-node=\"14,2,0\">Langlebigkeit: <b data-path-to-node=\"14,2,0\" data-index-in-node=\"0\">Au\u00dfergew\u00f6hnliche <\/b>Best\u00e4ndigkeit auf Textilien und in der Luft.<\/p>\n<\/li>\n<li>\n<p data-path-to-node=\"14,3,0\">Ideal f\u00fcr: <b data-path-to-node=\"14,3,0\" data-index-in-node=\"0\">Formelle <\/b>Anl\u00e4sse, luxuri\u00f6se Geschenke und t\u00e4gliche spirituelle Rituale.<\/p>\n<\/li>\n<\/ul>\n<p data-path-to-node=\"15\">Schl\u00fcsselw\u00f6rter: Seufi <b data-path-to-node=\"15\" data-index-in-node=\"0\">Oud<\/b>, indisches Adlerholz, nat\u00fcrliches Oud, luxuri\u00f6ses Bakhoor, Premium-Adlerholz-Chips, arabische Parf\u00fcmerie.<\/p>\n","protected":false},"excerpt":{"rendered":"<p>Entdecken Sie die <b data-path-to-node=\"12\" data-index-in-node=\"55\">zeitlose <\/b>Eleganz von Seufi Oud, einem der begehrtesten Sch\u00e4tze in der Welt des Adlerholzes.<\/p>\n","protected":false},"featured_media":30189,"comment_status":"open","ping_status":"closed","template":"","meta":[],"product_brand":[],"product_cat":[150],"product_tag":[],"class_list":{"0":"post-30188","1":"product","2":"type-product","3":"status-publish","4":"has-post-thumbnail","6":"product_cat-oud-raucherwerk","8":"first","9":"instock","10":"shipping-taxable","11":"purchasable","12":"product-type-variable","13":"has-default-attributes"},"aioseo_notices":[],"_links":{"self":[{"href":"https:\/\/ajwaaperfumes.com\/de\/wp-json\/wp\/v2\/product\/30188","targetHints":{"allow":["GET"]}}],"collection":[{"href":"https:\/\/ajwaaperfumes.com\/de\/wp-json\/wp\/v2\/product"}],"about":[{"href":"https:\/\/ajwaaperfumes.com\/de\/wp-json\/wp\/v2\/types\/product"}],"replies":[{"embeddable":true,"href":"https:\/\/ajwaaperfumes.com\/de\/wp-json\/wp\/v2\/comments?post=30188"}],"version-history":[{"count":0,"href":"https:\/\/ajwaaperfumes.com\/de\/wp-json\/wp\/v2\/product\/30188\/revisions"}],"wp:featuredmedia":[{"embeddable":true,"href":"https:\/\/ajwaaperfumes.com\/de\/wp-json\/wp\/v2\/media\/30189"}],"wp:attachment":[{"href":"https:\/\/ajwaaperfumes.com\/de\/wp-json\/wp\/v2\/media?parent=30188"}],"wp:term":[{"taxonomy":"product_brand","embeddable":true,"href":"https:\/\/ajwaaperfumes.com\/de\/wp-json\/wp\/v2\/product_brand?post=30188"},{"taxonomy":"product_cat","embeddable":true,"href":"https:\/\/ajwaaperfumes.com\/de\/wp-json\/wp\/v2\/product_cat?post=30188"},{"taxonomy":"product_tag","embeddable":true,"href":"https:\/\/ajwaaperfumes.com\/de\/wp-json\/wp\/v2\/product_tag?post=30188"}],"curies":[{"name":"wp","href":"https:\/\/api.w.org\/{rel}","templated":true}]}}