{"id":30053,"date":"2021-10-12T15:51:09","date_gmt":"2021-10-12T15:51:09","guid":{"rendered":"https:\/\/ajwaaperfumes.com\/ueber-uns\/"},"modified":"2026-05-08T22:48:10","modified_gmt":"2026-05-08T22:48:10","slug":"ueber-uns","status":"publish","type":"page","link":"https:\/\/ajwaaperfumes.com\/de\/ueber-uns\/","title":{"rendered":"\u00dcber uns"},"content":{"rendered":"\t\t<div data-elementor-type=\"wp-page\" data-elementor-id=\"30053\" class=\"elementor elementor-30053 elementor-4400\">\n\t\t\t\t<div class=\"wd-negative-gap elementor-element elementor-element-2d1e314 e-flex e-con-boxed e-con e-parent\" data-id=\"2d1e314\" data-element_type=\"container\" data-e-type=\"container\">\n\t\t\t\t\t<div class=\"e-con-inner\">\n\t\t\t\t<div class=\"elementor-element elementor-element-8671c9c elementor-widget elementor-widget-wd_image_or_svg\" data-id=\"8671c9c\" data-element_type=\"widget\" data-e-type=\"widget\" data-widget_type=\"wd_image_or_svg.default\">\n\t\t\t\t<div class=\"elementor-widget-container\">\n\t\t\t\t\t\n\t\t<div class=\"wd-image text-left\">\n\t\t\t\t\t\t\t\t<img loading=\"lazy\" decoding=\"async\" width=\"2560\" height=\"1539\" src=\"https:\/\/ajwaaperfumes.com\/wp-content\/uploads\/2026\/01\/IMG_9589.JPG-1-scaled.avif\" class=\"attachment-full size-full not-transparent\" alt=\"\" srcset=\"https:\/\/ajwaaperfumes.com\/wp-content\/uploads\/2026\/01\/IMG_9589.JPG-1-scaled.avif 2560w, https:\/\/ajwaaperfumes.com\/wp-content\/uploads\/2026\/01\/IMG_9589.JPG-1-400x240.avif 400w, https:\/\/ajwaaperfumes.com\/wp-content\/uploads\/2026\/01\/IMG_9589.JPG-1-1300x781.avif 1300w, https:\/\/ajwaaperfumes.com\/wp-content\/uploads\/2026\/01\/IMG_9589.JPG-1-768x462.avif 768w, https:\/\/ajwaaperfumes.com\/wp-content\/uploads\/2026\/01\/IMG_9589.JPG-1-1536x923.avif 1536w, https:\/\/ajwaaperfumes.com\/wp-content\/uploads\/2026\/01\/IMG_9589.JPG-1-2048x1231.avif 2048w, https:\/\/ajwaaperfumes.com\/wp-content\/uploads\/2026\/01\/IMG_9589.JPG-1-430x258.avif 430w, https:\/\/ajwaaperfumes.com\/wp-content\/uploads\/2026\/01\/IMG_9589.JPG-1-700x421.avif 700w, https:\/\/ajwaaperfumes.com\/wp-content\/uploads\/2026\/01\/IMG_9589.JPG-1-150x90.avif 150w\" sizes=\"auto, (max-width: 2560px) 100vw, 2560px\" data-has-transparency=\"false\" data-dominant-color=\"817569\" style=\"--dominant-color: #817569;\" \/>\t\t\t\t\t<\/div>\n\n\t\t\t\t\t\t<\/div>\n\t\t\t\t<\/div>\n\t\t\t\t\t<\/div>\n\t\t\t\t<\/div>\n\t\t<div class=\"wd-negative-gap elementor-element elementor-element-1c90c3f wd-section-stretch e-flex e-con-boxed e-con e-parent\" data-id=\"1c90c3f\" data-element_type=\"container\" data-e-type=\"container\" data-settings=\"{&quot;background_background&quot;:&quot;classic&quot;}\">\n\t\t\t\t\t<div class=\"e-con-inner\">\n\t\t\t\t<div class=\"elementor-element elementor-element-5d57672 elementor-widget__width-initial elementor-widget-tablet__width-inherit wd-width-100 elementor-widget elementor-widget-wd_title\" data-id=\"5d57672\" data-element_type=\"widget\" data-e-type=\"widget\" data-widget_type=\"wd_title.default\">\n\t\t\t\t<div class=\"elementor-widget-container\">\n\t\t\t\t\t\t\t<div class=\"title-wrapper wd-set-mb reset-last-child wd-title-color-primary wd-title-style-default wd-title-size-large text-left\">\n\n\t\t\t\t\t\t\t\t\t\t\t<div class=\"title-subtitle subtitle-color-primary subtitle-style-default wd-fontsize-xs\">\n\t\t\t\t\tEinige Worte \u00fcber uns\t\t\t\t<\/div>\n\t\t\t\n\t\t\t<div class=\"liner-continer\">\n\t\t\t\t<h4 class=\"woodmart-title-container title wd-fontsize-xxl\">Ajwaa Al Teeb Perfumes LLC<\/h4> \n\t\t\t\t\t\t\t<\/div>\n\n\t\t\t\t\t<\/div>\n\t\t\t\t\t\t<\/div>\n\t\t\t\t<\/div>\n\t\t\t\t<div class=\"elementor-element elementor-element-9c05225 elementor-widget__width-initial elementor-widget elementor-widget-wd_infobox\" data-id=\"9c05225\" data-element_type=\"widget\" data-e-type=\"widget\" data-widget_type=\"wd_infobox.default\">\n\t\t\t\t<div class=\"elementor-widget-container\">\n\t\t\t\t\t\t\t<div class=\"info-box-wrapper\">\n\t\t\t<div class=\"wd-info-box text-center box-icon-align-top box-style-base color-scheme-\">\n\t\t\t\t\n\t\t\t\t<div class=\"info-box-content\">\n\t\t\t\t\t\n\t\t\t\t\t\t\t\t\t\t\t<h4\t\t\t\t\t\tclass=\"info-box-title title box-title-style-default wd-fontsize-m\" data-elementor-setting-key=\"title\">\n\t\t\t\t\t\t\t\tPremium-Parf\u00fcmhaus\t\t\t\t\t\t<\/h4>\n\t\t\t\t\t\n\t\t\t\t\t<div class=\"info-box-inner reset-last-child\"data-elementor-setting-key=\"content\"><p data-start=\"221\" data-end=\"438\"><em>gewidmet der Kreation, Entwicklung und dem Vertrieb von Luxusd\u00fcften, die den Reichtum des arabischen Erbes vereint mit zeitgen\u00f6ssischer Eleganz widerspiegeln.<\/em><\/p>\n<\/div>\n\n\t\t\t\t\t\t\t\t\t<\/div>\n\n\t\t\t\t\t\t\t\t\t<a href=\"#\" class=\"wd-info-box-link wd-fill\" aria-label=\"Infobox link\"><\/a>\n\t\t\t\t\t\t\t<\/div>\n\t\t<\/div>\n\t\t\t\t\t\t<\/div>\n\t\t\t\t<\/div>\n\t\t\t\t<div class=\"elementor-element elementor-element-ec30bde elementor-widget__width-initial elementor-widget elementor-widget-wd_infobox\" data-id=\"ec30bde\" data-element_type=\"widget\" data-e-type=\"widget\" data-widget_type=\"wd_infobox.default\">\n\t\t\t\t<div class=\"elementor-widget-container\">\n\t\t\t\t\t\t\t<div class=\"info-box-wrapper\">\n\t\t\t<div class=\"wd-info-box text-center box-icon-align-top box-style-base color-scheme-\">\n\t\t\t\t\n\t\t\t\t<div class=\"info-box-content\">\n\t\t\t\t\t\n\t\t\t\t\t\t\t\t\t\t\t<h4\t\t\t\t\t\tclass=\"info-box-title title box-title-style-default wd-fontsize-m\" data-elementor-setting-key=\"title\">\n\t\t\t\t\t\t\t\tLeidenschaft f\u00fcr feine Parf\u00fcmerie\t\t\t\t\t\t<\/h4>\n\t\t\t\t\t\n\t\t\t\t\t<div class=\"info-box-inner reset-last-child\"data-elementor-setting-key=\"content\"><p><em>hat sich als vertrauensw\u00fcrdiger Name in der Welt der orientalischen und modernen D\u00fcfte etabliert. Unsere Philosophie wurzelt in dem Glauben, dass ein Duft <\/em><\/p>\n<\/div>\n\n\t\t\t\t\t\t\t\t\t<\/div>\n\n\t\t\t\t\t\t\t\t\t<a href=\"#\" class=\"wd-info-box-link wd-fill\" aria-label=\"Infobox link\"><\/a>\n\t\t\t\t\t\t\t<\/div>\n\t\t<\/div>\n\t\t\t\t\t\t<\/div>\n\t\t\t\t<\/div>\n\t\t\t\t\t<\/div>\n\t\t\t\t<\/div>\n\t\t<div class=\"wd-negative-gap elementor-element elementor-element-7c7c544 e-flex e-con-boxed e-con e-parent\" data-id=\"7c7c544\" data-element_type=\"container\" data-e-type=\"container\">\n\t\t\t\t\t<div class=\"e-con-inner\">\n\t\t<div class=\"elementor-element elementor-element-e7cb5cd e-con-full e-flex e-con e-child\" data-id=\"e7cb5cd\" data-element_type=\"container\" data-e-type=\"container\">\n\t\t\t\t<div class=\"elementor-element elementor-element-56aec39 elementor-widget elementor-widget-wd_image_or_svg\" data-id=\"56aec39\" data-element_type=\"widget\" data-e-type=\"widget\" data-widget_type=\"wd_image_or_svg.default\">\n\t\t\t\t<div class=\"elementor-widget-container\">\n\t\t\t\t\t\n\t\t<div class=\"wd-image text-left\">\n\t\t\t\t\t\t\t\t<img loading=\"lazy\" decoding=\"async\" width=\"2560\" height=\"1734\" src=\"https:\/\/ajwaaperfumes.com\/wp-content\/uploads\/2026\/01\/IMG_9591.JPG-scaled.avif\" class=\"attachment-full size-full not-transparent\" alt=\"\" srcset=\"https:\/\/ajwaaperfumes.com\/wp-content\/uploads\/2026\/01\/IMG_9591.JPG-scaled.avif 2560w, https:\/\/ajwaaperfumes.com\/wp-content\/uploads\/2026\/01\/IMG_9591.JPG-400x271.avif 400w, https:\/\/ajwaaperfumes.com\/wp-content\/uploads\/2026\/01\/IMG_9591.JPG-1181x800.avif 1181w, https:\/\/ajwaaperfumes.com\/wp-content\/uploads\/2026\/01\/IMG_9591.JPG-768x520.avif 768w, https:\/\/ajwaaperfumes.com\/wp-content\/uploads\/2026\/01\/IMG_9591.JPG-1536x1041.avif 1536w, https:\/\/ajwaaperfumes.com\/wp-content\/uploads\/2026\/01\/IMG_9591.JPG-2048x1387.avif 2048w, https:\/\/ajwaaperfumes.com\/wp-content\/uploads\/2026\/01\/IMG_9591.JPG-430x291.avif 430w, https:\/\/ajwaaperfumes.com\/wp-content\/uploads\/2026\/01\/IMG_9591.JPG-700x474.avif 700w, https:\/\/ajwaaperfumes.com\/wp-content\/uploads\/2026\/01\/IMG_9591.JPG-150x102.avif 150w\" sizes=\"auto, (max-width: 2560px) 100vw, 2560px\" data-has-transparency=\"false\" data-dominant-color=\"766b5f\" style=\"--dominant-color: #766b5f;\" \/>\t\t\t\t\t<\/div>\n\n\t\t\t\t\t\t<\/div>\n\t\t\t\t<\/div>\n\t\t\t\t<\/div>\n\t\t<div class=\"elementor-element elementor-element-97d6084 e-con-full e-flex e-con e-child\" data-id=\"97d6084\" data-element_type=\"container\" data-e-type=\"container\">\n\t\t\t\t<div class=\"elementor-element elementor-element-98d830b wd-width-100 elementor-widget elementor-widget-wd_title\" data-id=\"98d830b\" data-element_type=\"widget\" data-e-type=\"widget\" data-widget_type=\"wd_title.default\">\n\t\t\t\t<div class=\"elementor-widget-container\">\n\t\t\t\t\t\t\t<div class=\"title-wrapper wd-set-mb reset-last-child wd-title-color-primary wd-title-style-default wd-title-size-large text-left\">\n\n\t\t\t\t\t\t\t\t\t\t\t<div class=\"title-subtitle subtitle-color-primary subtitle-style-default wd-fontsize-xs\">\n\t\t\t\t\tErleben Sie die Essenz\t\t\t\t<\/div>\n\t\t\t\n\t\t\t<div class=\"liner-continer\">\n\t\t\t\t<h4 class=\"woodmart-title-container title wd-fontsize-xxl\">\u00dcber Ajwaa Alteeb <\/h4> \n\t\t\t\t\t\t\t<\/div>\n\n\t\t\t\t\t\t\t<div class=\"title-after_title reset-last-child wd-fontsize-s\">\n\t\t\t\t\t<p>Wir laden Sie ein, die <strong>Welt<\/strong> von Ajwaa Al Teeb Perfumes LLC zu entdecken \u2013 wo Leidenschaft auf Handwerkskunst trifft und jeder Duft eine Geschichte von Erbe, Luxus und Individualit\u00e4t erz\u00e4hlt.<\/p>\t\t\t\t<\/div>\n\t\t\t\t\t<\/div>\n\t\t\t\t\t\t<\/div>\n\t\t\t\t<\/div>\n\t\t\t\t<div class=\"elementor-element elementor-element-66e47ad elementor-widget elementor-widget-wd_text_block\" data-id=\"66e47ad\" data-element_type=\"widget\" data-e-type=\"widget\" data-widget_type=\"wd_text_block.default\">\n\t\t\t\t<div class=\"elementor-widget-container\">\n\t\t\t\t\t\t\t<div class=\"wd-text-block reset-last-child text-left color-title\">\n\t\t\t\n\t\t\t<p data-start=\"2856\" data-end=\"3164\">Unter der Leitung von Rajab Al Nuaimi widmen wir uns weiterhin der kontinuierlichen Innovation und dem Ausbau unseres Duftportfolios. Unser <strong data-start=\"2880\" data-end=\"2899\">Ziel<\/strong> ist es, die Erwartungen von Parf\u00fcmliebhabern und Luxuskonsumenten auf der ganzen Welt zu \u00fcbertreffen, indem wir D\u00fcfte anbieten, die Selbstvertrauen, Eleganz und unvergessliche Erinnerungen inspirieren. <\/p>\n\t\t\t\t\t<\/div>\n\t\t\t\t\t\t<\/div>\n\t\t\t\t<\/div>\n\t\t\t\t<\/div>\n\t\t\t\t\t<\/div>\n\t\t\t\t<\/div>\n\t\t<div class=\"elementor-element elementor-element-7d1bdae5 e-flex e-con-boxed e-con e-parent\" data-id=\"7d1bdae5\" data-element_type=\"container\" data-e-type=\"container\">\n\t\t\t\t\t<div class=\"e-con-inner\">\n\t\t\t\t<div class=\"elementor-element elementor-element-7b4be4a2 wd-width-100 elementor-widget elementor-widget-wd_title\" data-id=\"7b4be4a2\" data-element_type=\"widget\" data-e-type=\"widget\" data-widget_type=\"wd_title.default\">\n\t\t\t\t<div class=\"elementor-widget-container\">\n\t\t\t\t\t\t\t<div class=\"title-wrapper wd-set-mb reset-last-child wd-title-color-default wd-title-style-default wd-title-size-extra-large text-left\">\n\n\t\t\t\n\t\t\t<div class=\"liner-continer\">\n\t\t\t\t<h4 class=\"woodmart-title-container title wd-fontsize-xxxl\">Ajwaa Al Teeb Perfumes LLC<\/h4> \n\t\t\t\t\t\t\t<\/div>\n\n\t\t\t\t\t<\/div>\n\t\t\t\t\t\t<\/div>\n\t\t\t\t<\/div>\n\t\t\t\t<div class=\"elementor-element elementor-element-2eab5d27 elementor-hidden-tablet elementor-hidden-mobile elementor-widget elementor-widget-wd_text_block\" data-id=\"2eab5d27\" data-element_type=\"widget\" data-e-type=\"widget\" data-widget_type=\"wd_text_block.default\">\n\t\t\t\t<div class=\"elementor-widget-container\">\n\t\t\t\t\t\t\t<div class=\"wd-text-block reset-last-child text-left color-title\">\n\t\t\t\n\t\t\t<p>ist ein exquisites Luxus-Parf\u00fcmhaus, das sich der Kreation widmet<\/p>\n\t\t\t\t\t<\/div>\n\t\t\t\t\t\t<\/div>\n\t\t\t\t<\/div>\n\t\t\t\t<div class=\"elementor-element elementor-element-74caff27 elementor-widget elementor-widget-wd_text_block\" data-id=\"74caff27\" data-element_type=\"widget\" data-e-type=\"widget\" data-widget_type=\"wd_text_block.default\">\n\t\t\t\t<div class=\"elementor-widget-container\">\n\t\t\t\t\t\t\t<div class=\"wd-text-block reset-last-child text-left color-title\">\n\t\t\t\n\t\t\t<p data-start=\"182\" data-end=\"410\">Ajwaa Al Teeb Perfumes LLC ist ein <strong data-start=\"182\" data-end=\"212\">exquisites<\/strong> Luxus-Parf\u00fcmhaus, das sich der Kreation, Entwicklung und dem Vertrieb erlesener D\u00fcfte widmet, die die Essenz des arabischen Erbes vereint mit zeitgen\u00f6ssischer Raffinesse einfangen.<\/p>\n\t\t\t\t\t<\/div>\n\t\t\t\t\t\t<\/div>\n\t\t\t\t<\/div>\n\t\t\t\t<div class=\"elementor-element elementor-element-7befa5ab color-scheme-inherit text-left elementor-widget elementor-widget-text-editor\" data-id=\"7befa5ab\" data-element_type=\"widget\" data-e-type=\"widget\" data-widget_type=\"text-editor.default\">\n\t\t\t\t\t\t\t\t\t<h2 data-start=\"781\" data-end=\"798\"><strong data-start=\"784\" data-end=\"798\">Unsere Vision<\/strong><\/h2><p data-start=\"800\" data-end=\"1074\">Unsere Vision ist es, ein weltweit anerkannter Name in der Luxusparf\u00fcmerie zu werden, der f\u00fcr Innovation, Handwerkskunst und zeitlose Eleganz gefeiert wird. Wir streben danach, neue Ma\u00dfst\u00e4be in der Duftindustrie zu setzen, indem wir das traditionelle aromatische Erbe des Nahen Ostens mit moderner Raffinesse verschmelzen. <\/p><h2 data-start=\"1081\" data-end=\"1099\"><strong data-start=\"1084\" data-end=\"1099\">Unsere Mission<\/strong><\/h2><p data-start=\"1101\" data-end=\"1150\">Unsere Mission bei Ajwaa Al Teeb Perfumes LLC ist es:<\/p><ul data-start=\"1151\" data-end=\"1497\"><li data-start=\"1151\" data-end=\"1223\"><p data-start=\"1153\" data-end=\"1223\">Hochwertige, unverwechselbare D\u00fcfte unter Verwendung erstklassiger Inhaltsstoffe zu kreieren<\/p><\/li><li data-start=\"1224\" data-end=\"1297\"><p data-start=\"1226\" data-end=\"1297\">Klassische orientalische Noten mit zeitgen\u00f6ssischen Duftkompositionen in Einklang zu bringen<\/p><\/li><li data-start=\"1298\" data-end=\"1397\"><p data-start=\"1300\" data-end=\"1397\">Luxuri\u00f6se Dufterlebnisse zu schaffen, die bei selbstbewussten und anspruchsvollen Pers\u00f6nlichkeiten Anklang finden<\/p><\/li><li data-start=\"1398\" data-end=\"1497\"><p data-start=\"1400\" data-end=\"1497\">Langfristige Beziehungen zu Kunden durch Vertrauen, Exzellenz und pers\u00f6nlichen Service aufzubauen<\/p><\/li><\/ul><h2 data-start=\"1504\" data-end=\"1523\"><strong data-start=\"1507\" data-end=\"1523\">Unsere Produkte<\/strong><\/h2><p data-start=\"1525\" data-end=\"1638\">Wir bieten eine sorgf\u00e4ltig kuratierte Auswahl an Luxusparf\u00fcm-Produkten, die darauf ausgerichtet sind, eine breite Palette von Geschm\u00e4ckern anzusprechen:<\/p><h3 data-start=\"1640\" data-end=\"1663\"><strong data-start=\"1644\" data-end=\"1663\">Luxusparf\u00fcms<\/strong><\/h3><p data-start=\"1664\" data-end=\"1909\">Unsere Duftkollektion umfasst eine Reihe anspruchsvoller D\u00fcfte \u2013 von tiefen, warmen Oud- und Amber-Basisnoten bis hin zu frischen, blumigen und elegant ausgewogenen Kompositionen. Jedes Parf\u00fcm ist darauf ausgelegt, einen bleibenden Eindruck zu hinterlassen und die pers\u00f6nliche Identit\u00e4t zu bereichern <\/p><h3 data-start=\"1911\" data-end=\"1944\"><strong data-start=\"1915\" data-end=\"1944\">Konzentrierte Parf\u00fcm\u00f6le<\/strong><\/h3><p data-start=\"1945\" data-end=\"2144\">Zus\u00e4tzlich zu unseren feinen Parf\u00fcms pr\u00e4sentieren wir ein exklusives Sortiment an konzentrierten Duft\u00f6len. Diese \u00d6le liefern intensive und langanhaltende Aromen, wodurch sie sich perfekt f\u00fcr das Layering oder die alleinige Anwendung eignen. <\/p><h2 data-start=\"2151\" data-end=\"2181\"><strong data-start=\"2154\" data-end=\"2181\">Qualit\u00e4t &amp; Handwerkskunst<\/strong><\/h2><p data-start=\"2183\" data-end=\"2462\">Qualit\u00e4t steht im Mittelpunkt unseres gesamten Handelns. Wir beziehen akribisch die feinsten Rohstoffe und setzen erfahrene Parf\u00fcmeure ein, um sicherzustellen, dass jede Kreation den h\u00f6chsten Standards entspricht. Von der Formulierung bis zur Verpackung spiegelt jeder Schritt unser Engagement f\u00fcr Exzellenz und sensorische Perfektion wider.  <\/p><h2 data-start=\"2469\" data-end=\"2513\"><strong data-start=\"2472\" data-end=\"2513\">Warum Ajwaa Al Teeb Perfumes LLC w\u00e4hlen<\/strong><\/h2><ul data-start=\"2515\" data-end=\"2826\"><li data-start=\"2515\" data-end=\"2567\"><p data-start=\"2517\" data-end=\"2567\">Erstklassige D\u00fcfte mit langanhaltender Sillage<\/p><\/li><li data-start=\"2568\" data-end=\"2638\"><p data-start=\"2570\" data-end=\"2638\">Eine einzigartige Verschmelzung von traditionellen orientalischen und modernen luxuri\u00f6sen Noten<\/p><\/li><li data-start=\"2639\" data-end=\"2702\"><p data-start=\"2641\" data-end=\"2702\">Elegante und unvergessliche Duftprofile f\u00fcr Damen und Herren<\/p><\/li><li data-start=\"2703\" data-end=\"2767\"><p data-start=\"2705\" data-end=\"2767\">Eine Marke, die tief in Authentizit\u00e4t und au\u00dfergew\u00f6hnlicher Handwerkskunst verwurzelt ist<\/p><\/li><li data-start=\"2768\" data-end=\"2826\"><p data-start=\"2770\" data-end=\"2826\">Ein personalisiertes Dufterlebnis f\u00fcr jeden Kunden<\/p><\/li><\/ul><h2 data-start=\"2833\" data-end=\"2854\"><strong data-start=\"2836\" data-end=\"2854\">Unser Versprechen<\/strong><\/h2><p data-start=\"2856\" data-end=\"3164\">Unter der Leitung von Rajab Al Nuaimi widmen wir uns weiterhin der kontinuierlichen Innovation und dem Ausbau unseres Duftportfolios. Unser <strong data-start=\"2880\" data-end=\"2899\">Ziel<\/strong> ist es, die Erwartungen von Parf\u00fcmliebhabern und Luxuskonsumenten auf der ganzen Welt zu \u00fcbertreffen, indem wir D\u00fcfte anbieten, die Selbstvertrauen, Eleganz und unvergessliche Erinnerungen inspirieren. <\/p><h2 data-start=\"3171\" data-end=\"3200\"><strong data-start=\"3174\" data-end=\"3200\">Erleben Sie die Essenz<\/strong><\/h2><p data-start=\"3202\" data-end=\"3380\">Wir laden Sie ein, die <strong data-start=\"3240\" data-end=\"3270\">Welt<\/strong> von Ajwaa Al Teeb Perfumes LLC zu entdecken \u2013 wo Leidenschaft auf Handwerkskunst trifft und jeder Duft eine Geschichte von Erbe, Luxus und Individualit\u00e4t erz\u00e4hlt.<\/p>\t\t\t\t\t\t\t\t<\/div>\n\t\t\t\t\t<\/div>\n\t\t\t\t<\/div>\n\t\t\t\t<\/div>\n\t\t","protected":false},"excerpt":{"rendered":"<p>Einige Worte \u00fcber uns Ajwaa Al Teeb Perfumes LLC Premium-Parf\u00fcmhaus gewidmet der Kreation, Entwicklung und dem Vertrieb von Luxusd\u00fcften, die<\/p>\n","protected":false},"author":1,"featured_media":30056,"parent":0,"menu_order":0,"comment_status":"closed","ping_status":"closed","template":"","meta":{"footnotes":""},"class_list":["post-30053","page","type-page","status-publish","has-post-thumbnail","hentry"],"aioseo_notices":[],"_hostinger_reach_plugin_has_subscription_block":false,"_hostinger_reach_plugin_is_elementor":false,"_links":{"self":[{"href":"https:\/\/ajwaaperfumes.com\/de\/wp-json\/wp\/v2\/pages\/30053","targetHints":{"allow":["GET"]}}],"collection":[{"href":"https:\/\/ajwaaperfumes.com\/de\/wp-json\/wp\/v2\/pages"}],"about":[{"href":"https:\/\/ajwaaperfumes.com\/de\/wp-json\/wp\/v2\/types\/page"}],"author":[{"embeddable":true,"href":"https:\/\/ajwaaperfumes.com\/de\/wp-json\/wp\/v2\/users\/1"}],"replies":[{"embeddable":true,"href":"https:\/\/ajwaaperfumes.com\/de\/wp-json\/wp\/v2\/comments?post=30053"}],"version-history":[{"count":4,"href":"https:\/\/ajwaaperfumes.com\/de\/wp-json\/wp\/v2\/pages\/30053\/revisions"}],"predecessor-version":[{"id":30082,"href":"https:\/\/ajwaaperfumes.com\/de\/wp-json\/wp\/v2\/pages\/30053\/revisions\/30082"}],"wp:featuredmedia":[{"embeddable":true,"href":"https:\/\/ajwaaperfumes.com\/de\/wp-json\/wp\/v2\/media\/30056"}],"wp:attachment":[{"href":"https:\/\/ajwaaperfumes.com\/de\/wp-json\/wp\/v2\/media?parent=30053"}],"curies":[{"name":"wp","href":"https:\/\/api.w.org\/{rel}","templated":true}]}}